{"id":678,"date":"2022-07-07T13:24:36","date_gmt":"2022-07-07T11:24:36","guid":{"rendered":"https:\/\/openaccess.nrw\/?page_id=678"},"modified":"2022-07-20T15:36:50","modified_gmt":"2022-07-20T13:36:50","slug":"ueber-das-vorprojekt-openaccess-nrw","status":"publish","type":"page","link":"https:\/\/openaccess.nrw\/index.php\/ueber-das-vorprojekt-openaccess-nrw\/","title":{"rendered":"\u00dcber das Vorprojekt openaccess.nrw"},"content":{"rendered":"\n<p>Von Oktober 2019 bis Dezember 2020 lief das vom Wissenschaftsministerium \u00fcber die Digitale Hochschule NRW (DH.NRW) gef\u00f6rderte Vorprojekt openaccess.nrw. Das Projektkonsortium bildeten folgende Hochschulen:<\/p>\n\n\n\n<p>Fachhochschule Bielefeld, Universit\u00e4t Bielefeld, Universit\u00e4t Duisburg-Essen, Technische Hochschule K\u00f6ln, Universit\u00e4t Siegen, Hochschulbibliothekszentrum des Landes Nordrhein-Westfalen<\/p>\n\n\n\n<p>Die Konsortialf\u00fchrerschaft lag bei der FH Bielefeld.<\/p>\n\n\n\n<p>Im Vorprojekt openaccess.nrw sollten die Voraussetzungen, Bedarfe und Umsetzungsoptionen f\u00fcr die Implementierung einer landesweiten digitalen Servicestruktur der NRW-Hochschulen und des hbz im Bereich Open Access untersucht werden. Anhand qualitativer und quantitativer Erhebungen wurde beleuchtet, welche Open-Access-Services im NRW-Hochschulbereich inklusive hbz bereits vorhanden sind, wie diese genutzt werden und welche Servicebedarfe bestehen. Aufbauend auf den Ergebnissen der Erhebungen wurden in einem zweiten Schritt Empfehlungen f\u00fcr ein Portfolio zentral oder dezentral bereitzustellender Services erarbeitet.<\/p>\n\n\n\n<p>Der Abschlussbericht und die Ergebnisse des Vorprojekts sind <a href=\"https:\/\/zenodo.org\/record\/6866189\" target=\"_blank\" rel=\"noreferrer noopener\">hier <\/a>zu finden.  <\/p>\n\n\n\n<p>Basierend auf den Ergebnissen wurde die Projektstruktur f\u00fcr die Landesinitiative openaccess.nrw entwickelt.<\/p>\n","protected":false},"excerpt":{"rendered":"<p>Von Oktober 2019 bis Dezember 2020 lief das vom Wissenschaftsministerium \u00fcber die Digitale Hochschule NRW (DH.NRW) gef\u00f6rderte Vorprojekt openaccess.nrw. Das Projektkonsortium bildeten folgende Hochschulen: Fachhochschule Bielefeld, Universit\u00e4t Bielefeld, Universit\u00e4t Duisburg-Essen, Technische Hochschule K\u00f6ln, Universit\u00e4t Siegen, Hochschulbibliothekszentrum des Landes Nordrhein-Westfalen Die Konsortialf\u00fchrerschaft lag bei der FH Bielefeld. Im Vorprojekt openaccess.nrw sollten die Voraussetzungen, Bedarfe und Umsetzungsoptionen &hellip; <a href=\"https:\/\/openaccess.nrw\/index.php\/ueber-das-vorprojekt-openaccess-nrw\/\" class=\"more-link\"><span class=\"screen-reader-text\">\u201e\u00dcber das Vorprojekt openaccess.nrw\u201c <\/span>weiterlesen<\/a><\/p>\n","protected":false},"author":7,"featured_media":0,"parent":0,"menu_order":0,"comment_status":"closed","ping_status":"closed","template":"","meta":{"_mc_calendar":[],"footnotes":""},"class_list":["post-678","page","type-page","status-publish","hentry"],"_links":{"self":[{"href":"https:\/\/openaccess.nrw\/index.php\/wp-json\/wp\/v2\/pages\/678","targetHints":{"allow":["GET"]}}],"collection":[{"href":"https:\/\/openaccess.nrw\/index.php\/wp-json\/wp\/v2\/pages"}],"about":[{"href":"https:\/\/openaccess.nrw\/index.php\/wp-json\/wp\/v2\/types\/page"}],"author":[{"embeddable":true,"href":"https:\/\/openaccess.nrw\/index.php\/wp-json\/wp\/v2\/users\/7"}],"replies":[{"embeddable":true,"href":"https:\/\/openaccess.nrw\/index.php\/wp-json\/wp\/v2\/comments?post=678"}],"version-history":[{"count":2,"href":"https:\/\/openaccess.nrw\/index.php\/wp-json\/wp\/v2\/pages\/678\/revisions"}],"predecessor-version":[{"id":695,"href":"https:\/\/openaccess.nrw\/index.php\/wp-json\/wp\/v2\/pages\/678\/revisions\/695"}],"wp:attachment":[{"href":"https:\/\/openaccess.nrw\/index.php\/wp-json\/wp\/v2\/media?parent=678"}],"curies":[{"name":"wp","href":"https:\/\/api.w.org\/{rel}","templated":true}]}}