{"id":400,"date":"2021-10-22T13:05:00","date_gmt":"2021-10-22T11:05:00","guid":{"rendered":"https:\/\/openaccess.nrw\/?page_id=400"},"modified":"2023-12-04T14:04:56","modified_gmt":"2023-12-04T13:04:56","slug":"ueber-das-projekt","status":"publish","type":"page","link":"https:\/\/openaccess.nrw\/index.php\/ueber-das-projekt\/","title":{"rendered":"\u00dcber das Projekt"},"content":{"rendered":"\n<p>Die Landesinitiative openaccess.nrw dient als Serviceeinrichtung f\u00fcr die Hochschulen in NRW. Das Projekt richtet sich an die Forschungsdezernate der Hochschulen, strategische Entscheider:innen, Infrastruktureinrichtungen und alle Akteur:innen aus dem Handlungsfeld Open Access (Bibliotheken, Open-Access-Beauftragte u.a.). Die Landesinitiative unterst\u00fctzt die Hochschulen in NRW beim Aufbau innovativer und bedarfsorientierter Services und bietet dar\u00fcber hinaus einen Ort f\u00fcr landesweite Diskurse und Positionierungen zum Thema Open Access.<\/p>\n\n\n\n<p>Das Projektkonsortium besteht aus Universit\u00e4ten, Fach-, Kunst- und Musikhochschulen in NRW, sowie dem Hochschulbibliothekszentrum (hbz). Konsortialf\u00fchrerin ist die Universit\u00e4t Duisburg-Essen.<\/p>\n\n\n\n<p>Basierend auf den <a href=\"https:\/\/openaccess.nrw\/?p=235\" target=\"_blank\" rel=\"noreferrer noopener\">Bedarfserhebungen im Vorprojekt<\/a> besteht die Landesinitiative aus den folgenden Programmbereichen:<\/p>\n\n\n\n<ol class=\"wp-block-list\" type=\"1\">\n<li>Informationsangebote, (Rechts-)Beratung und Vernetzung von Hochschulakteur:innen (Leitung: Universit\u00e4tsbibliothek Duisburg-Essen, s.a. <a rel=\"noreferrer noopener\" href=\"https:\/\/openaccess.nrw\/?page_id=445\" target=\"_blank\">Konsortium<\/a>)<\/li>\n\n\n\n<li>Zentrale Infrastrukturdienste: Aufbau einer landesweiten Publikationsplattform f\u00fcr Open-Access-Zeitschriften und -Monografien (Leitung: hbz, s.a. <a href=\"https:\/\/openaccess.nrw\/?page_id=445\" target=\"_blank\" rel=\"noreferrer noopener\">Konsortium<\/a>)<\/li>\n\n\n\n<li>Landesweites Monitoring von Kosten f\u00fcr Open-Access (Leitung: Universit\u00e4tsbibliothek Bielefeld, s.a. <a rel=\"noreferrer noopener\" href=\"https:\/\/openaccess.nrw\/?page_id=445\" target=\"_blank\">Konsortium<\/a>)<\/li>\n<\/ol>\n\n\n\n<figure class=\"wp-block-image size-large\"><img fetchpriority=\"high\" decoding=\"async\" width=\"1024\" height=\"594\" src=\"https:\/\/openaccess.nrw\/wp-content\/uploads\/2021\/11\/Antrag_oanrw-1024x594.png\" alt=\"\" class=\"wp-image-443\" srcset=\"https:\/\/openaccess.nrw\/wp-content\/uploads\/2021\/11\/Antrag_oanrw-1024x594.png 1024w, https:\/\/openaccess.nrw\/wp-content\/uploads\/2021\/11\/Antrag_oanrw-300x174.png 300w, https:\/\/openaccess.nrw\/wp-content\/uploads\/2021\/11\/Antrag_oanrw-768x445.png 768w, https:\/\/openaccess.nrw\/wp-content\/uploads\/2021\/11\/Antrag_oanrw-1536x891.png 1536w, https:\/\/openaccess.nrw\/wp-content\/uploads\/2021\/11\/Antrag_oanrw-1200x696.png 1200w, https:\/\/openaccess.nrw\/wp-content\/uploads\/2021\/11\/Antrag_oanrw.png 1888w\" sizes=\"(max-width: 709px) 85vw, (max-width: 909px) 67vw, (max-width: 1362px) 62vw, 840px\" \/><\/figure>\n\n\n\n<p><\/p>\n\n\n\n<p>Die von der DH-NRW ins Leben gerufene AG Openness fungiert als Beirat f\u00fcr das Projekt. Zus\u00e4tzlich werden ein Community- und ein wissenschaftliches Soundingboard f\u00fcr die Landesinitiative etabliert.<\/p>\n","protected":false},"excerpt":{"rendered":"<p>Die Landesinitiative openaccess.nrw dient als Serviceeinrichtung f\u00fcr die Hochschulen in NRW. Das Projekt richtet sich an die Forschungsdezernate der Hochschulen, strategische Entscheider:innen, Infrastruktureinrichtungen und alle Akteur:innen aus dem Handlungsfeld Open Access (Bibliotheken, Open-Access-Beauftragte u.a.). Die Landesinitiative unterst\u00fctzt die Hochschulen in NRW beim Aufbau innovativer und bedarfsorientierter Services und bietet dar\u00fcber hinaus einen Ort f\u00fcr landesweite &hellip; <a href=\"https:\/\/openaccess.nrw\/index.php\/ueber-das-projekt\/\" class=\"more-link\"><span class=\"screen-reader-text\">\u201e\u00dcber das Projekt\u201c <\/span>weiterlesen<\/a><\/p>\n","protected":false},"author":7,"featured_media":0,"parent":0,"menu_order":0,"comment_status":"closed","ping_status":"closed","template":"","meta":{"_mc_calendar":[],"footnotes":""},"class_list":["post-400","page","type-page","status-publish","hentry"],"_links":{"self":[{"href":"https:\/\/openaccess.nrw\/index.php\/wp-json\/wp\/v2\/pages\/400","targetHints":{"allow":["GET"]}}],"collection":[{"href":"https:\/\/openaccess.nrw\/index.php\/wp-json\/wp\/v2\/pages"}],"about":[{"href":"https:\/\/openaccess.nrw\/index.php\/wp-json\/wp\/v2\/types\/page"}],"author":[{"embeddable":true,"href":"https:\/\/openaccess.nrw\/index.php\/wp-json\/wp\/v2\/users\/7"}],"replies":[{"embeddable":true,"href":"https:\/\/openaccess.nrw\/index.php\/wp-json\/wp\/v2\/comments?post=400"}],"version-history":[{"count":10,"href":"https:\/\/openaccess.nrw\/index.php\/wp-json\/wp\/v2\/pages\/400\/revisions"}],"predecessor-version":[{"id":904,"href":"https:\/\/openaccess.nrw\/index.php\/wp-json\/wp\/v2\/pages\/400\/revisions\/904"}],"wp:attachment":[{"href":"https:\/\/openaccess.nrw\/index.php\/wp-json\/wp\/v2\/media?parent=400"}],"curies":[{"name":"wp","href":"https:\/\/api.w.org\/{rel}","templated":true}]}}