{"id":261,"date":"2021-01-14T16:14:45","date_gmt":"2021-01-14T15:14:45","guid":{"rendered":"https:\/\/openaccess.nrw\/?page_id=261"},"modified":"2025-11-07T09:29:04","modified_gmt":"2025-11-07T08:29:04","slug":"downloads","status":"publish","type":"page","link":"https:\/\/openaccess.nrw\/index.php\/downloads\/","title":{"rendered":"Downloads"},"content":{"rendered":"\n<p>Hier finden Sie \u00f6ffentliche Ergebnisberichte und Formulare des Projekts openaccess.nrw zum Download.<\/p>\n\n\n\n<p><a href=\"https:\/\/openaccess.nrw\/wp-content\/uploads\/2021\/01\/oanrw_IST-Stand_Fragebogen_2019-12-12.pdf\" target=\"_blank\" rel=\"noreferrer noopener\" aria-label=\"Fragebogen IST-Standerhebung (\u00f6ffnet in neuem Tab)\">Fragebogen IST-Standerhebung<\/a><br><a href=\"https:\/\/openaccess.nrw\/wp-content\/uploads\/2020\/03\/Ergebnisbericht_Ist-Standerhebung_openaccess.nrw_20200324.pdf\" target=\"_blank\" rel=\"noreferrer noopener\" aria-label=\"Ergebnisbericht IST-Standerhebung (\u00f6ffnet in neuem Tab)\">Ergebnisbericht IST-Standerhebung<\/a><\/p>\n\n\n\n<p><a href=\"https:\/\/openaccess.nrw\/wp-content\/uploads\/2020\/10\/openaccess.nrw_Bedarfserhebung_Ergebnisbericht_extern_final_20201006.pdf\" target=\"_blank\" rel=\"noreferrer noopener\" aria-label=\"Ergebnisbericht Bedarfserhebung inkl. Fragebogen (\u00f6ffnet in neuem Tab)\">Ergebnisbericht Bedarfserhebung inkl. Fragebogen<\/a><\/p>\n\n\n\n<p><a href=\"https:\/\/openaccess.nrw\/wp-content\/uploads\/2020\/11\/Ergebnisse_Workshop_oanrw_OAT20.pdf\" target=\"_blank\" rel=\"noreferrer noopener\" aria-label=\"Ergebnisse des Workshops &quot;openaccess.nrw \u2013 Umsetzungsoptionen f\u00fcr Open-Access-Services&quot; bei den Open-Access-Tagen 2020 (\u00f6ffnet in neuem Tab)\">Ergebnisse des Workshops &#8222;openaccess.nrw \u2013 Umsetzungsoptionen f\u00fcr Open-Access-Services&#8220; bei den Open-Access-Tagen 2020<\/a><\/p>\n\n\n\n<p><a href=\"https:\/\/openaccess.nrw\/wp-content\/uploads\/2024\/01\/Muster_Antragsformular_ZS_Foerderung.rtf\" data-type=\"attachment\" data-id=\"1020\">Musterformular des Zuwendungsantrags f\u00fcr redaktionelle T\u00e4tigkeiten bei der Herausgabe einer Open-Access-Zeitschrift<\/a><\/p>\n\n\n\n<p>Rohdaten der Ergebnisse der landesweiten Umfrage zu Qualit\u00e4tsaspekten von Verlagen (<a href=\"https:\/\/openaccess.nrw\/wp-content\/uploads\/2025\/06\/Auswertung_Umfrage_.zip\" data-type=\"attachment\" data-id=\"1504\">Excel | CSV<\/a>), <a href=\"https:\/\/doi.org\/10.5281\/zenodo.15608543\">Zenodo<\/a><\/p>\n\n\n\n<p><a href=\"https:\/\/openaccess.nrw\/wp-content\/uploads\/2025\/08\/Entwurf_Positionspapier_final_2025-08-29.pdf\" data-type=\"attachment\" data-id=\"1567\">Positionspapier: Metadaten f\u00fcr OA-Monografien in Deutschland (Entwurf)<\/a><\/p>\n\n\n\n<p><a href=\"https:\/\/wiki.openaccess.nrw\/images\/0\/04\/Muster_Vertrag_Autor.in.pdf\">Muster-Publikationsvertrag zwischen wissenschaftlichen Autor:innen und universit\u00e4ren Instituten<\/a><\/p>\n\n\n\n<p><a href=\"https:\/\/wiki.openaccess.nrw\/images\/b\/b2\/Handout_Muster_Vereinbarung_Institut_Autor_in.pdf\">Handout zum Muster-Publikationsvertrag zwischen wissenschaftlichen Autor:innen und universit\u00e4ren Instituten<\/a><\/p>\n","protected":false},"excerpt":{"rendered":"<p>Hier finden Sie \u00f6ffentliche Ergebnisberichte und Formulare des Projekts openaccess.nrw zum Download. Fragebogen IST-StanderhebungErgebnisbericht IST-Standerhebung Ergebnisbericht Bedarfserhebung inkl. Fragebogen Ergebnisse des Workshops &#8222;openaccess.nrw \u2013 Umsetzungsoptionen f\u00fcr Open-Access-Services&#8220; bei den Open-Access-Tagen 2020 Musterformular des Zuwendungsantrags f\u00fcr redaktionelle T\u00e4tigkeiten bei der Herausgabe einer Open-Access-Zeitschrift Rohdaten der Ergebnisse der landesweiten Umfrage zu Qualit\u00e4tsaspekten von Verlagen (Excel | CSV), &hellip; <a href=\"https:\/\/openaccess.nrw\/index.php\/downloads\/\" class=\"more-link\"><span class=\"screen-reader-text\">\u201eDownloads\u201c <\/span>weiterlesen<\/a><\/p>\n","protected":false},"author":7,"featured_media":0,"parent":0,"menu_order":0,"comment_status":"closed","ping_status":"closed","template":"","meta":{"_mc_calendar":[],"footnotes":""},"class_list":["post-261","page","type-page","status-publish","hentry"],"_links":{"self":[{"href":"https:\/\/openaccess.nrw\/index.php\/wp-json\/wp\/v2\/pages\/261","targetHints":{"allow":["GET"]}}],"collection":[{"href":"https:\/\/openaccess.nrw\/index.php\/wp-json\/wp\/v2\/pages"}],"about":[{"href":"https:\/\/openaccess.nrw\/index.php\/wp-json\/wp\/v2\/types\/page"}],"author":[{"embeddable":true,"href":"https:\/\/openaccess.nrw\/index.php\/wp-json\/wp\/v2\/users\/7"}],"replies":[{"embeddable":true,"href":"https:\/\/openaccess.nrw\/index.php\/wp-json\/wp\/v2\/comments?post=261"}],"version-history":[{"count":15,"href":"https:\/\/openaccess.nrw\/index.php\/wp-json\/wp\/v2\/pages\/261\/revisions"}],"predecessor-version":[{"id":1590,"href":"https:\/\/openaccess.nrw\/index.php\/wp-json\/wp\/v2\/pages\/261\/revisions\/1590"}],"wp:attachment":[{"href":"https:\/\/openaccess.nrw\/index.php\/wp-json\/wp\/v2\/media?parent=261"}],"curies":[{"name":"wp","href":"https:\/\/api.w.org\/{rel}","templated":true}]}}