{"id":1576,"date":"2025-09-15T12:57:18","date_gmt":"2025-09-15T10:57:18","guid":{"rendered":"https:\/\/openaccess.nrw\/?page_id=1576"},"modified":"2025-09-15T12:57:18","modified_gmt":"2025-09-15T10:57:18","slug":"archiv","status":"publish","type":"page","link":"https:\/\/openaccess.nrw\/index.php\/archiv\/","title":{"rendered":"Archiv"},"content":{"rendered":"\t    <li><a href=\"https:\/\/openaccess.nrw\/index.php\/lesetipp-rueckblick-der-tib-auf-ihre-open-access-aktivitaeten-2019\/\">2020: Lesetipp: R\u00fcckblick der TIB auf ihre Open-Access-Aktivit\u00e4ten 2019<\/a> <\/li>\r\n\t\t    <li><a href=\"https:\/\/openaccess.nrw\/index.php\/openaccess-nrw-aktueller-projektstand\/\">2020: openaccess.nrw: aktueller Projektstand<\/a> <\/li>\r\n\t\t    <li><a href=\"https:\/\/openaccess.nrw\/index.php\/der-call-for-proposals-fuer-die-open-access-tage-2020-ist-veroeffentlicht\/\">2020: Der Call for Proposals f\u00fcr die Open-Access-Tage 2020 ist ver\u00f6ffentlicht!<\/a> <\/li>\r\n\t\t    <li><a href=\"https:\/\/openaccess.nrw\/index.php\/informationen-zur-vorbereitung-der-online-bedarfserhebung-im-rahmen-von-openaccess-nrw\/\">2020: Informationen zur Vorbereitung der Online-Bedarfserhebung im Rahmen von openaccess.nrw<\/a> <\/li>\r\n\t\t    <li><a href=\"https:\/\/openaccess.nrw\/index.php\/ergebnisse-der-ist-standerhebung\/\">2020: Ergebnisse der Ist-Standerhebung<\/a> <\/li>\r\n\t\t    <li><a href=\"https:\/\/openaccess.nrw\/index.php\/vortrag-ueber-openaccess-nrw-bei-vbib20\/\">2020: Vortrag \u00fcber openaccess.nrw bei #vBIB20<\/a> <\/li>\r\n\t\t    <li><a href=\"https:\/\/openaccess.nrw\/index.php\/vorabinformationen-zur-bedarfserhebung\/\">2020: Vorabinformationen zur Bedarfserhebung<\/a> <\/li>\r\n\t\t    <li><a href=\"https:\/\/openaccess.nrw\/index.php\/online-bedarfserhebung-gestartet-ihre-stimme-zaehlt\/\">2020: Online-Bedarfserhebung gestartet - Ihre Stimme z\u00e4hlt!<\/a> <\/li>\r\n\t\t    <li><a href=\"https:\/\/openaccess.nrw\/index.php\/vorfreude-auf-die-open-access-tage-2020\/\">2020: Vorfreude auf die Open-Access-Tage 2020<\/a> <\/li>\r\n\t\t    <li><a href=\"https:\/\/openaccess.nrw\/index.php\/diese-woche-open-access-tage\/\">2020: Diese Woche: Open-Access-Tage!<\/a> <\/li>\r\n\t\t    <li><a href=\"https:\/\/openaccess.nrw\/index.php\/erfolgreiche-open-access-tage-fuer-openaccess-nrw\/\">2020: Erfolgreiche Open-Access-Tage f\u00fcr openaccess.nrw<\/a> <\/li>\r\n\t\t    <li><a href=\"https:\/\/openaccess.nrw\/index.php\/ergebnisse-der-bedarfserhebung\/\">2020: Ergebnisse der Bedarfserhebung<\/a> <\/li>\r\n\t\t    <li><a href=\"https:\/\/openaccess.nrw\/index.php\/update-bericht-zur-bedarfserhebung\/\">2020: Update: Bericht zur Bedarfserhebung<\/a> <\/li>\r\n\t\t    <li><a href=\"https:\/\/openaccess.nrw\/index.php\/ergebnisse-des-workshops-bei-den-open-access-tagen-2020\/\">2020: Ergebnisse des Workshops bei den Open-Access-Tagen 2020<\/a> <\/li>\r\n\t\t    <li><a href=\"https:\/\/openaccess.nrw\/index.php\/auf-dem-weg-zu-einer-landesweiten-servicestruktur-fuer-open-access\/\">2021: Auf dem Weg zu einer landesweiten Servicestruktur f\u00fcr Open Access<\/a> <\/li>\r\n\t\t    <li><a href=\"https:\/\/openaccess.nrw\/index.php\/20-jahrestag-der-budapest-open-access-initiative\/\">2022: 20. Jahrestag der Budapest Open <br \/> Access Initiative<\/a> <\/li>\r\n\t\t    <li><a href=\"https:\/\/openaccess.nrw\/index.php\/dfg-unterstuetzt-den-action-plan-for-diamond-openaccess\/\">2022: DFG unterst\u00fctzt den \u201eAction Plan for Diamond Open Access\u201c<\/a> <\/li>\r\n\t\t    <li><a href=\"https:\/\/openaccess.nrw\/index.php\/yeah-this-is-not-good1-accelerated-publication-modell-von-taylor-francis\/\">2022: \u201cYeah, this is not good<sup>[1]<\/sup>\u201d - Accelerated Publication Modell von Taylor & Francis<\/a> <\/li>\r\n\t\t    <li><a href=\"https:\/\/openaccess.nrw\/index.php\/start-der-landesinitiative-openaccess-nrw\/\">2022: Start der Landesinitiative <br \/> openaccess.nrw<\/a> <\/li>\r\n\t\t    <li><a href=\"https:\/\/openaccess.nrw\/index.php\/zukunft-der-kostenkontrolle-beim-open-access-publizieren\/\">2022: Zukunft der Kostenkontrolle beim Open-Access-Publizieren<\/a> <\/li>\r\n\t\t    <li><a href=\"https:\/\/openaccess.nrw\/index.php\/kennenlerngespraeche-der-landesinitiative-openaccess-nrw\/\">2022: Kennenlerngespr\u00e4che der <br \/> Landesinitiative openaccess.nrw<\/a> <\/li>\r\n\t\t    <li><a href=\"https:\/\/openaccess.nrw\/index.php\/neues-positionspapier-der-dfg-zum-wissenschaftlichen-publizieren-als-grundlage-und-gestaltungsfeld-der-wissenschaftsbewertung\/\">2022: Neues Positionspapier der DFG zum wissenschaftlichen Publizieren als Grundlage und Gestaltungsfeld der Wissenschaftsbewertung<\/a> <\/li>\r\n\t\t    <li><a href=\"https:\/\/openaccess.nrw\/index.php\/neues-aus-dem-programmbereich-1\/\">2022: Neues aus dem Programmbereich 1<\/a> <\/li>\r\n\t\t    <li><a href=\"https:\/\/openaccess.nrw\/index.php\/lesetipp-der-open-access-atlas-deutschland\/\">2022: Lesetipp: Der Open Access Atlas Deutschland<\/a> <\/li>\r\n\t\t    <li><a href=\"https:\/\/openaccess.nrw\/index.php\/welche-unterstuetzung-bietet-die-landesinitiative-beim-open-access-monitoring\/\">2022: Welche Unterst\u00fctzung bietet die <br \/> Landesinitiative beim Open-Access-Monitoring?<\/a> <\/li>\r\n\t\t    <li><a href=\"https:\/\/openaccess.nrw\/index.php\/bson-wie-finde-ich-eine-geeignete-open-access-zeitschrift-fuer-meine-publikation\/\">2022: B!SON: Wie finde ich eine geeignete Open-Access-Zeitschrift f\u00fcr meine <br \/> Publikation?<\/a> <\/li>\r\n\t\t    <li><a href=\"https:\/\/openaccess.nrw\/index.php\/update-zu-deal\/\">2022: Update zu DEAL<\/a> <\/li>\r\n\t\t    <li><a href=\"https:\/\/openaccess.nrw\/index.php\/abschlussbericht-des-vorprojekts-openaccess-nrw-veroeffentlicht\/\">2022: Abschlussbericht des Vorprojekts openaccess.nrw ver\u00f6ffentlicht<\/a> <\/li>\r\n\t\t    <li><a href=\"https:\/\/openaccess.nrw\/index.php\/ergebnisse-der-kennenlerngespraeche\/\">2022: Ergebnisse der Kennenlerngespr\u00e4che<\/a> <\/li>\r\n\t\t    <li><a href=\"https:\/\/openaccess.nrw\/index.php\/predatory-publishing-a-z\/\">2022: Predatory Publishing A-Z<\/a> <\/li>\r\n\t\t    <li><a href=\"https:\/\/openaccess.nrw\/index.php\/aktualisierung-der-orcid-faqs\/\">2022: Aktualisierung der ORCID-FAQs<\/a> <\/li>\r\n\t\t    <li><a href=\"https:\/\/openaccess.nrw\/index.php\/mirror-journals\/\">2022: Mirror Journals<\/a> <\/li>\r\n\t\t    <li><a href=\"https:\/\/openaccess.nrw\/index.php\/veranstaltungshinweis-wissenschaft-politik-akteurinnen-die-open-access-transformation-nachhaltig-gestalten\/\">2022: Veranstaltungshinweis: Wissenschaft - Politik - Akteur*innen - <br \/> Die Open-Access-Transformation <br \/>  nachhaltig gestalten<\/a> <\/li>\r\n\t\t    <li><a href=\"https:\/\/openaccess.nrw\/index.php\/wiki-update-factsheets-zu-rechtlichen-themen\/\">2022: Wiki-Update: Factsheets zu rechtlichen Themen<\/a> <\/li>\r\n\t\t    <li><a href=\"https:\/\/openaccess.nrw\/index.php\/neues-aus-dem-programmbereich-3\/\">2022: Neues aus dem Programmbereich 3<\/a> <\/li>\r\n\t\t    <li><a href=\"https:\/\/openaccess.nrw\/index.php\/der-lieferdienst-deepgreen\/\">2022: Der Lieferdienst DeepGreen<\/a> <\/li>\r\n\t\t    <li><a href=\"https:\/\/openaccess.nrw\/index.php\/open-access-tage-2022-in-bern\/\">2022: Open-Access-Tage 2022 in Bern<\/a> <\/li>\r\n\t\t    <li><a href=\"https:\/\/openaccess.nrw\/index.php\/lesetipp-wirkungen-von-open-access\/\">2022: Lesetipp: Wirkungen von Open Access<\/a> <\/li>\r\n\t\t    <li><a href=\"https:\/\/openaccess.nrw\/index.php\/10-jahre-ifla-open-access-statement-eine-aufforderung-zum-handeln\/\">2022: 10 Jahre IFLA Open Access Statement \u2013 eine Aufforderung zum Handeln<\/a> <\/li>\r\n\t\t    <li><a href=\"https:\/\/openaccess.nrw\/index.php\/oa-finder-ein-online-recherchetool-fuer-zeitschriften-zum-open-access-publizieren\/\">2022: oa.finder: Ein Online-Recherchetool f\u00fcr Zeitschriften zum Open-Access-Publizieren<\/a> <\/li>\r\n\t\t    <li><a href=\"https:\/\/openaccess.nrw\/index.php\/neuigkeiten-von-der-landesinitiative-langzeitverfuegbarkeit-lzv-nrw\/\">2022: Neuigkeiten von den Kolleg:innen aus der Landesinitiative Langzeitverf\u00fcgbarkeit - LZV.nrw<\/a> <\/li>\r\n\t\t    <li><a href=\"https:\/\/openaccess.nrw\/index.php\/urheberrecht-auf-einen-blick\/\">2022: Urheberrecht auf einen Blick<\/a> <\/li>\r\n\t\t    <li><a href=\"https:\/\/openaccess.nrw\/index.php\/neues-aus-dem-programmbereich-2\/\">2022: Neues aus dem Programmbereich 2<\/a> <\/li>\r\n\t\t    <li><a href=\"https:\/\/openaccess.nrw\/index.php\/lesetipp-a-guide-to-preprinting-for-early-career-researchers\/\">2022: Lesetipp: A guide to preprinting for early-career researchers<\/a> <\/li>\r\n\t\t    <li><a href=\"https:\/\/openaccess.nrw\/index.php\/neues-aus-der-welt-der-oa-publikationen-der-auroa-vertragsgenerator-steht-in-den-startloechern\/\">2022: Neues aus der Welt der OA-Publikationen: Der AuROA-Vertragsgenerator steht in den Startl\u00f6chern!<\/a> <\/li>\r\n\t\t    <li><a href=\"https:\/\/openaccess.nrw\/index.php\/der-programmbereich-1-stellt-sich-neu-auf\/\">2023: Der Programmbereich 1 stellt sich neu auf<\/a> <\/li>\r\n\t\t    <li><a href=\"https:\/\/openaccess.nrw\/index.php\/die-sessions-der-oaspa-conference-2023-sind-online\/\">2023: Die Sessions der OASPA-Conference 2023 sind online<\/a> <\/li>\r\n\t\t    <li><a href=\"https:\/\/openaccess.nrw\/index.php\/preprints-und-open-peer-review\/\">2023: Preprints und Open Peer Review<\/a> <\/li>\r\n\t\t    <li><a href=\"https:\/\/openaccess.nrw\/index.php\/ergebnisbericht-des-workshops-open-access-publizieren-durch-wissenschaftliche-einrichtungen-veroeffentlicht\/\">2023: Ergebnisbericht des Workshops Open Access Publizieren durch wissenschaftliche Einrichtungen<\/a> <\/li>\r\n\t\t    <li><a href=\"https:\/\/openaccess.nrw\/index.php\/finanzielle-unterstuetzung-fuer-redaktionelle-taetigkeiten-bei-der-herausgabe-einer-open-access-zeitschrift-ausschreibung-von-foerdermitteln\/\">2023: Finanzielle Unterst\u00fctzung f\u00fcr redaktionelle T\u00e4tigkeiten bei der Herausgabe einer Open-Access-Zeitschrift: Ausschreibung von F\u00f6rdermitteln<\/a> <\/li>\r\n\t\t    <li><a href=\"https:\/\/openaccess.nrw\/index.php\/welche-bedeutung-hat-der-journal-impact-factor\/\">2023: Welche Bedeutung hat der Journal Impact Factor ?<\/a> <\/li>\r\n\t\t    <li><a href=\"https:\/\/openaccess.nrw\/index.php\/das-researchgate-verfahren\/\">2023: Das ResearchGate-Verfahren<\/a> <\/li>\r\n\t\t    <li><a href=\"https:\/\/openaccess.nrw\/index.php\/publikationsreports-2023-versandt-einblicke-und-erste-einschaetzungen-zur-oa-transformation-in-nrw\/\">2024: Publikationsreports 2023 versandt \u2013 Einblicke und erste Einsch\u00e4tzungen zur OA-Transformation in NRW<\/a> <\/li>\r\n\t\t    <li><a href=\"https:\/\/openaccess.nrw\/index.php\/neues-aus-programmbereich-2\/\">2024: Neues aus Programmbereich 2<\/a> <\/li>\r\n\t\t    <li><a href=\"https:\/\/openaccess.nrw\/index.php\/openalex-im-einsatz-was-kann-die-neue-quelldatenbank\/\">2024: OpenAlex im Einsatz \u2013 Was kann die neue Quelldatenbank?<\/a> <\/li>\r\n\t\t    <li><a href=\"https:\/\/openaccess.nrw\/index.php\/einblicke-zu-den-24-neuen-bmbf-projekten-fuer-eine-gelebte-oa-kultur\/\">2024: Einblicke zu den 24 neuen BMBF-Projekten \u201ef\u00fcr eine gelebte OA-Kultur\u201c<\/a> <\/li>\r\n\t\t    <li><a href=\"https:\/\/openaccess.nrw\/index.php\/stellenausschreibung-an-der-ub-bielefeld\/\">2024: Stellenausschreibung an der UB Bielefeld<\/a> <\/li>\r\n\t\t    <li><a href=\"https:\/\/openaccess.nrw\/index.php\/neu-im-wiki-sammlung-von-open-access-und-open-science-policies\/\">2024: Neu im Wiki: Sammlung von Open Access und Open Science Policies<\/a> <\/li>\r\n\t\t    <li><a href=\"https:\/\/openaccess.nrw\/index.php\/oa-community-oder-oa-communities\/\">2024: OA-Community oder OA-Communities?<\/a> <\/li>\r\n\t\t    <li><a href=\"https:\/\/openaccess.nrw\/index.php\/ergebnisse-der-ersten-foerderrunde-zur-foerderung-redaktioneller-taetigkeiten\/\">2024: Ergebnisse der ersten F\u00f6rderrunde zur F\u00f6rderung redaktioneller T\u00e4tigkeiten<\/a> <\/li>\r\n\t\t    <li><a href=\"https:\/\/openaccess.nrw\/index.php\/open-access-und-open-science-policies-an-den-42-dh-nrw-hochschulen-then-now\/\">2024: Open Access und Open Science Policies an den 42 DH.NRW Hochschulen: Then & Now<\/a> <\/li>\r\n\t\t    <li><a href=\"https:\/\/openaccess.nrw\/index.php\/bericht-von-der-112-biblicon2024-teil-1-hintergrund-und-take-aways\/\">2024: Bericht von der 112.BibliCon2024 \u2013 Teil 1: Hintergrund und Take Aways<\/a> <\/li>\r\n\t\t    <li><a href=\"https:\/\/openaccess.nrw\/index.php\/bericht-von-der-112-bibliocon2024-teil-2-die-beitraege-der-landesinitiative-openaccess-nrw-im-ueberblick\/\">2024: Bericht von der 112.BiblioCon2024 \u2013 Teil 2: Die Beitr\u00e4ge der Landesinitiative openaccess.nrw im \u00dcberblick<\/a> <\/li>\r\n\t\t    <li><a href=\"https:\/\/openaccess.nrw\/index.php\/dfg-foerderprogramm-open-access-publikationskosten-hochschultypen-und-zeitraeume-fuer-nrw-unter-die-lupe-genommen\/\">2024: DFG-F\u00f6rderprogramm \u201eOpen-Access-Publikationskosten\u201c: Hochschultypen und Zeitr\u00e4ume f\u00fcr NRW unter die Lupe genommen<\/a> <\/li>\r\n\t\t    <li><a href=\"https:\/\/openaccess.nrw\/index.php\/treffen-der-oa-beauftragten-der-hochschulen-in-nrw\/\">2024: Treffen der OA-Beauftragten der Hochschulen in NRW<\/a> <\/li>\r\n\t\t    <li><a href=\"https:\/\/openaccess.nrw\/index.php\/finanzielle-unterstuetzung-fuer-redaktionelle-taetigkeiten-bei-der-herausgabe-einer-open-access-zeitschrift-ausschreibung-von-foerdermitteln-2\/\">2024: Finanzielle Unterst\u00fctzung f\u00fcr redaktionelle T\u00e4tigkeiten bei der Herausgabe einer Open-Access-Zeitschrift: Ausschreibung von F\u00f6rdermitteln<\/a> <\/li>\r\n\t\t    <li><a href=\"https:\/\/openaccess.nrw\/index.php\/daemmerung-des-zombie-journals-acht-zeitschriften-wandern-ab-zur-open-library-of-humanities\/\">2024: D\u00e4mmerung des Zombie-Journals - Acht Zeitschriften wandern ab zur Open Library of Humanities<\/a> <\/li>\r\n\t\t    <li><a href=\"https:\/\/openaccess.nrw\/index.php\/bericht-zu-den-oa-tagen-2024\/\">2024: Bericht zu den OA Tagen 2024<\/a> <\/li>\r\n\t\t    <li><a href=\"https:\/\/openaccess.nrw\/index.php\/neues-infrastrukturangebot-fuer-oa-monographien-der-landesinitiative-openaccess-nrw\/\">2024: Neues Infrastrukturangebot f\u00fcr OA-Monographien der Landesinitiative openaccess.nrw<\/a> <\/li>\r\n\t\t    <li><a href=\"https:\/\/openaccess.nrw\/index.php\/bereitstellung-des-dnb-export-plugins-durch-oa-nrw\/\">2024: Bereitstellung des DNB-Export-Plugins durch oa.nrw<\/a> <\/li>\r\n\t\t    <li><a href=\"https:\/\/openaccess.nrw\/index.php\/openapc-ein-teilprojekt-des-openaire-nexus\/\">2024: openAPC \u2013 ein Teilprojekt des OpenAIRE Nexus<\/a> <\/li>\r\n\t\t    <li><a href=\"https:\/\/openaccess.nrw\/index.php\/die-wissenschaftlerinnen-in-nrw-sind-gefragt-oa-nrw-fuehrt-landesweite-umfrage-zu-qualitaetsaspekten-von-wissenschaftlichen-verlagen-durch\/\">2024: Die Wissenschaftler:innen in NRW sind gefragt \u2013 oa.nrw f\u00fchrt landesweite Umfrage zu Qualit\u00e4tsaspekten von wissenschaftlichen Verlagen durch<\/a> <\/li>\r\n\t\t    <li><a href=\"https:\/\/openaccess.nrw\/index.php\/workshop-zur-finanzierung-des-wissenschaftlichen-open-access-publizierens\/\">2024: Workshop zur Finanzierung des wissenschaftlichen Open-Access-Publizierens<\/a> <\/li>\r\n\t\n","protected":false},"excerpt":{"rendered":"","protected":false},"author":9,"featured_media":0,"parent":0,"menu_order":0,"comment_status":"closed","ping_status":"closed","template":"","meta":{"_mc_calendar":[],"footnotes":""},"class_list":["post-1576","page","type-page","status-publish","hentry"],"_links":{"self":[{"href":"https:\/\/openaccess.nrw\/index.php\/wp-json\/wp\/v2\/pages\/1576","targetHints":{"allow":["GET"]}}],"collection":[{"href":"https:\/\/openaccess.nrw\/index.php\/wp-json\/wp\/v2\/pages"}],"about":[{"href":"https:\/\/openaccess.nrw\/index.php\/wp-json\/wp\/v2\/types\/page"}],"author":[{"embeddable":true,"href":"https:\/\/openaccess.nrw\/index.php\/wp-json\/wp\/v2\/users\/9"}],"replies":[{"embeddable":true,"href":"https:\/\/openaccess.nrw\/index.php\/wp-json\/wp\/v2\/comments?post=1576"}],"version-history":[{"count":4,"href":"https:\/\/openaccess.nrw\/index.php\/wp-json\/wp\/v2\/pages\/1576\/revisions"}],"predecessor-version":[{"id":1582,"href":"https:\/\/openaccess.nrw\/index.php\/wp-json\/wp\/v2\/pages\/1576\/revisions\/1582"}],"wp:attachment":[{"href":"https:\/\/openaccess.nrw\/index.php\/wp-json\/wp\/v2\/media?parent=1576"}],"curies":[{"name":"wp","href":"https:\/\/api.w.org\/{rel}","templated":true}]}}