{"id":1029,"date":"2024-02-15T10:57:55","date_gmt":"2024-02-15T09:57:55","guid":{"rendered":"https:\/\/openaccess.nrw\/?page_id=1029"},"modified":"2024-02-15T10:57:55","modified_gmt":"2024-02-15T09:57:55","slug":"impressum","status":"publish","type":"page","link":"https:\/\/openaccess.nrw\/index.php\/impressum\/","title":{"rendered":"Impressum"},"content":{"rendered":"\n<p>Die Landesinitiative openaccess.nrw wird getragen von einem Projektkonsortium aus Universit\u00e4ten, Fach- und Kunst und Musikhochschulen der DH.NRW und dem Hochschulbibliothekszentrum (hbz). Sie soll openaccess.nrw als Serviceeinrichtung f\u00fcr die Hochschulen in NRW Prozesse und Informationen zu Open Access (OA) b\u00fcndeln, strategische Entwicklungen begleiten sowie Drehscheibe f\u00fcr landesweite Diskurse und Positionierungen zum Thema sein. Sie tr\u00e4gt den Namen \u201eLandesinitiative openaccess.nrw\u201c und f\u00fchrt diesen Namen in ihrem Logo.<\/p>\n\n\n\n<p>Die Leitung sowie die technische Infrastruktur der Website liegt an der Universit\u00e4t Duisburg-Essen.<\/p>\n\n\n\n<p>Zust\u00e4ndige Aufsichtsbeh\u00f6rde ist das Ministerium f\u00fcr Kultur und Wissenschaft&nbsp; des Landes Nordrhein-Westfalen, V\u00f6lklinger Stra\u00dfe 49, 40221 D\u00fcsseldorf.<\/p>\n\n\n\n<h2 class=\"wp-block-heading\">Urheberrecht<\/h2>\n\n\n\n<p>Die Landesinitiative openaccess.nrw ist Urheberin aller Inhalte und Dokumente von Seiten, die auf dieses Impressum verweisen. Die Inhalte sind urheberrechtlich gesch\u00fctzt &#8211; sie zu kopieren oder zu ver\u00e4ndern ist nur mit Genehmigung der Urheberin gestattet. Dies betrifft nicht Kopien von Dateien auf den eigenen Rechner, um sich die Seiten mit einem Browser anzusehen. <\/p>\n\n\n\n<h2 class=\"wp-block-heading\">Haftung f\u00fcr Inhalte<\/h2>\n\n\n\n<p>Die Inhalte der Seiten der Landesinitiative openaccess.nrw wurden mit gr\u00f6\u00dfter Sorgfalt erstellt. F\u00fcr die Richtigkeit, Vollst\u00e4ndigkeit und Aktualit\u00e4t der Inhalte wird jedoch keine Gew\u00e4hr \u00fcbernommen.<\/p>\n\n\n\n<p>Als Diensteanbieter ist die UDE gem\u00e4\u00df \u00a7 7 Abs. 1 Telemediengesetz (TMG) f\u00fcr eigene Inhalte auf diesen Seiten nach den allgemeinen Gesetzen verantwortlich. Nach \u00a7\u00a7 8-10 TMG ist die Universit\u00e4t als Diensteanbieter jedoch nicht verpflichtet, \u00fcbermittelte oder gespeicherte fremde Informationen zu \u00fcberwachen oder nach Umst\u00e4nden zu forschen, die auf eine rechtswidrige T\u00e4tigkeit hinweisen. Verpflichtungen zur Entfernung oder Sperrung der Nutzung von Informationen nach den allgemeinen Gesetzen bleiben hiervon unber\u00fchrt. Eine diesbez\u00fcgliche Haftung ist jedoch erst ab dem Zeitpunkt der Kenntnis einer konkreten Rechtsverletzung m\u00f6glich. Bei dem Bekanntwerden von entsprechenden Rechtsverletzungen werden die Inhalte umgehend entfernt.<\/p>\n\n\n\n<h2 class=\"wp-block-heading\">Haftung f\u00fcr Links<\/h2>\n\n\n\n<p>Diese Webseite enth\u00e4lt Verkn\u00fcpfungen zu Webseiten Dritter (\u201eexterne Links\u201c). Diese Webseiten unterliegen der Haftung der jeweiligen Betreiber, so dass die Landesinitiative openaccess.nrw f\u00fcr diese fremden Inhalte keine Gew\u00e4hr \u00fcbernimmt. Die verlinkten Seiten wurden zum Zeitpunkt der Verlinkung auf m\u00f6gliche Rechtsverst\u00f6\u00dfe \u00fcberpr\u00fcft. Rechtswidrige Inhalte waren zum Zeitpunkt der Verlinkung nicht erkennbar. Eine permanente inhaltliche Kontrolle der verlinkten Seiten ist jedoch ohne konkrete Anhaltspunkte einer Rechtsverletzung nicht zumutbar, so dass sich die Landesinitiative openaccess.nrw hiermit ausdr\u00fccklich von allen Inhalten der gelinkten\/verkn\u00fcpften Seiten, die nach der Linksetzung ver\u00e4ndert wurden, distanziert. F\u00fcr illegale, fehlerhafte oder unvollst\u00e4ndige Inhalte und insbesondere f\u00fcr Sch\u00e4den, die aus der Nutzung oder Nichtnutzung solcher Art dargebotener Informationen entstehen, haftet allein der Anbieter der Seite, auf welche verwiesen wurde, nicht derjenige, der \u00fcber Links auf die jeweilige Ver\u00f6ffentlichung verweist.<\/p>\n\n\n\n<h2 class=\"wp-block-heading\">Informationen zur Online-Streitbeilegung<\/h2>\n\n\n\n<p>Die EU-Kommission stellt gem\u00e4\u00df Art. 14 Abs. 1 ODR-VO (EU-Verordnung Nr. 524\/2013) eine Internetplattform zur Online-Beilegung von Streitigkeiten (sog. \u201eOS-Plattform\u201c) bereit. Die OS-Plattform dient als Anlaufstelle zur au\u00dfergerichtlichen Beilegung von Streitigkeiten, welche vertragliche Verpflichtungen, die aus Online-Kaufvertr\u00e4gen erwachsen, betreffen. Der Kunde kann die OS-Plattform unter folgendem Link erreichen: <a href=\"http:\/\/ec.europa.eu\/consumers\/odr\/\">http:\/\/ec.europa.eu\/consumers\/odr\/<\/a><\/p>\n\n\n\n<h2 class=\"wp-block-heading\">Adresse der Universit\u00e4t Duisburg-Essen<\/h2>\n\n\n\n<p>Campus Duisburg:<br>Forsthausweg 2<br>47057 Duisburg<br>Tel.: +49 (0)203 37 90<br>Fax.: +49&nbsp;(0)203 37 93333<\/p>\n\n\n\n<p>Campus Essen:<br>Universit\u00e4tsstra\u00dfe 2<br>45141 Essen<br>Tel.: +49&nbsp;(0)201 18 30<br>Fax.: +49&nbsp;(0)201 18 33536<\/p>\n\n\n\n<h2 class=\"wp-block-heading\">Gesetzliche Vertretung <\/h2>\n\n\n\n<h3 class=\"wp-block-heading\">Die Rektorin der Universit\u00e4t Duisburg-Essen<\/h3>\n\n\n\n<p>Prof. Dr. Barbara Albert<br><a href=\"mailto:rektorin@uni-due.de\">rektorin@uni-due.de<\/a><\/p>\n\n\n\n<p>Campus Duisburg:<br>Tel.: 0203\/37 9-2465<br>Campus Essen:<br>Tel.: 0201\/18 3-2000<\/p>\n\n\n\n<h2 class=\"wp-block-heading\">Redaktion der Webseite<\/h2>\n\n\n\n<p><strong>Dorothee Graf<\/strong><br>Leiterin<\/p>\n\n\n\n<p>Tel.: +49\u00a0(0)201 183 3721<br><a href=\"mailto:info@openaccess.nrw\">info@openaccess.nrw<\/a><\/p>\n\n\n\n<p>Die Autor:innen der Webseiten sind f\u00fcr die jeweiligen Inhalte verantwortlich. Falls Sie Fragen zu einem dieser Internetangebote haben, wenden Sie sich bitte an den\/die zust\u00e4ndige:n Autor:in.<\/p>\n\n\n\n<h2 class=\"wp-block-heading\">Technik \/ WWW-Server<\/h2>\n\n\n\n<p>Zentrum f\u00fcr Informations- und Mediendienste der Universit\u00e4t Duisburg-Essen<\/p>\n\n\n\n<p>Campus Duisburg:<br><strong>Technik<\/strong>&nbsp;Tel.: +49&nbsp;(0)203 37 94230<br>Campus Essen:<br><strong>Technik<\/strong>&nbsp;Tel.: +49&nbsp;(0)201 18 32890<\/p>\n\n\n\n<h2 class=\"wp-block-heading\">Meldungen \u00fcber missbr\u00e4uchliche Nutzungen,<\/h2>\n\n\n\n<p>die von Stationen aus dem IP-Namensbereich uni-due.de, uni-duisburg-essen.de, uni-duisburg.de und uni-essen.de ausgehen, senden Sie bitte an die Email-Adresse:<br><a href=\"mailto:%20abuse@uni-due.de\">abuse@uni-due.de<\/a><\/p>\n","protected":false},"excerpt":{"rendered":"<p>Die Landesinitiative openaccess.nrw wird getragen von einem Projektkonsortium aus Universit\u00e4ten, Fach- und Kunst und Musikhochschulen der DH.NRW und dem Hochschulbibliothekszentrum (hbz). Sie soll openaccess.nrw als Serviceeinrichtung f\u00fcr die Hochschulen in NRW Prozesse und Informationen zu Open Access (OA) b\u00fcndeln, strategische Entwicklungen begleiten sowie Drehscheibe f\u00fcr landesweite Diskurse und Positionierungen zum Thema sein. Sie tr\u00e4gt den &hellip; <a href=\"https:\/\/openaccess.nrw\/index.php\/impressum\/\" class=\"more-link\"><span class=\"screen-reader-text\">\u201eImpressum\u201c <\/span>weiterlesen<\/a><\/p>\n","protected":false},"author":9,"featured_media":0,"parent":0,"menu_order":0,"comment_status":"closed","ping_status":"closed","template":"","meta":{"_mc_calendar":[],"footnotes":""},"class_list":["post-1029","page","type-page","status-publish","hentry"],"_links":{"self":[{"href":"https:\/\/openaccess.nrw\/index.php\/wp-json\/wp\/v2\/pages\/1029","targetHints":{"allow":["GET"]}}],"collection":[{"href":"https:\/\/openaccess.nrw\/index.php\/wp-json\/wp\/v2\/pages"}],"about":[{"href":"https:\/\/openaccess.nrw\/index.php\/wp-json\/wp\/v2\/types\/page"}],"author":[{"embeddable":true,"href":"https:\/\/openaccess.nrw\/index.php\/wp-json\/wp\/v2\/users\/9"}],"replies":[{"embeddable":true,"href":"https:\/\/openaccess.nrw\/index.php\/wp-json\/wp\/v2\/comments?post=1029"}],"version-history":[{"count":5,"href":"https:\/\/openaccess.nrw\/index.php\/wp-json\/wp\/v2\/pages\/1029\/revisions"}],"predecessor-version":[{"id":1034,"href":"https:\/\/openaccess.nrw\/index.php\/wp-json\/wp\/v2\/pages\/1029\/revisions\/1034"}],"wp:attachment":[{"href":"https:\/\/openaccess.nrw\/index.php\/wp-json\/wp\/v2\/media?parent=1029"}],"curies":[{"name":"wp","href":"https:\/\/api.w.org\/{rel}","templated":true}]}}